{"id":37,"date":"2021-02-23T08:55:49","date_gmt":"2021-02-23T08:55:49","guid":{"rendered":"http:\/\/danielskala.cz\/?page_id=37"},"modified":"2021-02-28T21:12:07","modified_gmt":"2021-02-28T21:12:07","slug":"cimbalopis","status":"publish","type":"page","link":"https:\/\/danielskala.cz\/en\/cimbalopis\/","title":{"rendered":"cimbalography"},"content":{"rendered":"<div data-elementor-type=\"wp-page\" data-elementor-id=\"37\" class=\"elementor elementor-37\">\n\t\t\t\t\t\t\t\t\t<section class=\"elementor-section elementor-top-section elementor-element elementor-element-6d7edc16 elementor-section-full_width elementor-section-height-default elementor-section-height-default\" data-id=\"6d7edc16\" data-element_type=\"section\">\n\t\t\t\t\t\t<div class=\"elementor-container elementor-column-gap-default\">\n\t\t\t\t\t<div class=\"elementor-column elementor-col-100 elementor-top-column elementor-element elementor-element-39ac33e5\" data-id=\"39ac33e5\" data-element_type=\"column\">\n\t\t\t<div class=\"elementor-widget-wrap elementor-element-populated\">\n\t\t\t\t\t\t\t\t<div class=\"elementor-element elementor-element-1961223e elementor-widget elementor-widget-text-editor\" data-id=\"1961223e\" data-element_type=\"widget\" data-widget_type=\"text-editor.default\">\n\t\t\t\t<div class=\"elementor-widget-container\">\n\t\t\t\t\t\t\t<p><!-- wp:heading {\"level\":3} --><\/p>\n<p><strong style=\"font-family: Karla, sans-serif; font-size: 25px; color: white;\">the first third-generation cimbalom!<\/strong><\/p>\n<p><strong style=\"font-family: Karla, sans-serif; font-size: 25px; color: white;\">\u00a0<\/strong><\/p>\n<p><!-- \/wp:heading --><\/p>\n<p><!-- wp:paragraph --><\/p>\n<p>My instrument is a unique new piece from the HOLAK cimbalom workshops <a href=\"http:\/\/www.holak.cz\/\">HOLAK<\/a>, which we describe (with only a little hyperbole) as \u201cthe first third-generation cimbalom\u201d. The first concert cimbalom was created in 1872 by J\u00f3zsef Schunda. His successor Lajos Boh\u00e1k crucially improved the instrument by broadening the range (C2\u2013A6), perfecting the pedal system, changing the location of the sound posts, and so on. Since that time, all future designs (such as those by Kozmosz and Artex) more or less copied that of Boh\u00e1k\u2019s cimbalom.<\/p>\n<p><!-- \/wp:paragraph --><\/p>\n<p><!-- wp:image {\"id\":114,\"sizeSlug\":\"large\",\"linkDestination\":\"none\"} --><\/p>\n<figure><img loading=\"lazy\" src=\"http:\/\/danielskala.cz\/wp-content\/uploads\/2021\/02\/DSC6023x-683x1024.jpg\" alt=\"\" width=\"683\" height=\"1024\" \/><\/figure>\n<p><!-- \/wp:image --><\/p>\n<p><!-- wp:heading {\"level\":3} --><\/p>\n<h3><strong>\u00a0the birth of the instrument<\/strong><\/h3>\n<p><!-- \/wp:heading --><\/p>\n<p><!-- wp:paragraph --><\/p>\n<p>Our new instrument was finished in November 2012 in the workshop of Vladim\u00edr Holi\u0161, with the significant contributions of his colleagues Ji\u0159\u00ed Krpec and Jan Pustka. This unique piece was built for Daniel Sk\u00e1la and represents the result of an intensive collaboration between Vladim\u00edr Holi\u0161 and several leading cimbalom players around the world.<\/p>\n<p><!-- \/wp:paragraph --><\/p>\n<p><!-- wp:heading {\"level\":3} --><\/p>\n<h3><strong>what makes this cimbalom unique?<\/strong><\/h3>\n<p><!-- \/wp:heading --><\/p>\n<p><!-- wp:paragraph --><\/p>\n<p>\u00a0It represents the fruit of fifteen years of intensive dialogue. The slightly altered sound post position in HOLAK brand instrument ensures greater balance across the range of the instrument, the extension of the strings in the middle of the range eliminates the problem of low string tension (which is about half that of concert grand pianos), the elaborate numbering (thickness) of the strings ensures smooth transition between various positions on the instrument.<\/p>\n<p><!-- \/wp:paragraph --><\/p>\n<p><!-- wp:paragraph --><\/p>\n<p>Daniel Sk\u00e1la also initiated the creation of a radically improved pedal system, which was, up to that point, one of the weakest aspects of the cimbalom\u2019s construction. This instrument can be dampened across its range, including the uppermost strings. This unique system for dampening the upper strings was created by Jan Pustka. One further advantage is that it can be added to any cimbalom of this type. The shape of the pedal lyre and the anchoring of the pedal itself are also completely new. The choice of top-quality resonant wood is a matter of course.<\/p>\n<p><!-- \/wp:paragraph --><\/p>\n<p><!-- wp:heading {\"level\":3} --><\/p>\n<h3><strong>\u00a0unique design<\/strong><\/h3>\n<p><!-- \/wp:heading --><\/p>\n<p><!-- wp:paragraph --><\/p>\n<p>\u00a0Another unique aspect of this instrument is its design. In collaboration with designer Jitka \u0160kopov\u00e1, Sk\u00e1la created utterly individual and elegant designs for a concert cimbalom. Given the high cost, this idea remains unrealised. The look of the existing cimbalom, however, finds considerable inspiration in these designs.<span style=\"color: var( --e-global-color-text ); font-family: var( --e-global-typography-text-font-family ), Sans-serif;\">\u00a0<\/span><\/p>\n<p>\u00a0<\/p>\n<p><!-- \/wp:paragraph --><\/p>\n<p><!-- wp:heading {\"level\":3} --><\/p>\n<h3><strong>\u00a0a greater range<\/strong><\/h3>\n<p><!-- \/wp:heading --><\/p>\n<p><!-- wp:paragraph --><\/p>\n<p>Another improvement is the extension of the bass range down to A1, which created a more balanced sound in the extreme low register.<\/p>\n<p><!-- \/wp:paragraph --><\/p>\n<p><!-- wp:paragraph --><\/p>\n<p>The greater range results in a different string lay out, which can lead to great confusion, particularly to players used to other cimbalom layouts. We addressed this issue by adding the possibility of inserting a felt strip under the added strings.<\/p>\n<p><div id='gallery-1' class='gallery galleryid-37 gallery-columns-3 gallery-size-large'><figure class='gallery-item'>\n\t\t\t<div class='gallery-icon landscape'>\n\t\t\t\t<a href='https:\/\/danielskala.cz\/en\/cimbalopis\/attachment\/_dsc6746x\/'><img width=\"924\" height=\"616\" src=\"https:\/\/danielskala.cz\/wp-content\/uploads\/2021\/02\/DSC6746X-1024x683.jpg\" class=\"attachment-large size-large\" alt=\"\" loading=\"lazy\" srcset=\"https:\/\/danielskala.cz\/wp-content\/uploads\/2021\/02\/DSC6746X-1024x683.jpg 1024w, https:\/\/danielskala.cz\/wp-content\/uploads\/2021\/02\/DSC6746X-300x200.jpg 300w, https:\/\/danielskala.cz\/wp-content\/uploads\/2021\/02\/DSC6746X-768x512.jpg 768w, https:\/\/danielskala.cz\/wp-content\/uploads\/2021\/02\/DSC6746X-1536x1024.jpg 1536w, https:\/\/danielskala.cz\/wp-content\/uploads\/2021\/02\/DSC6746X-2048x1365.jpg 2048w, https:\/\/danielskala.cz\/wp-content\/uploads\/2021\/02\/DSC6746X-924x616.jpg 924w, https:\/\/danielskala.cz\/wp-content\/uploads\/2021\/02\/DSC6746X-671x447.jpg 671w\" sizes=\"(max-width: 924px) 100vw, 924px\" \/><\/a>\n\t\t\t<\/div><\/figure><figure class='gallery-item'>\n\t\t\t<div class='gallery-icon landscape'>\n\t\t\t\t<a href='https:\/\/danielskala.cz\/en\/cimbalopis\/attachment\/_dsc6659x\/'><img width=\"924\" height=\"616\" src=\"https:\/\/danielskala.cz\/wp-content\/uploads\/2021\/02\/DSC6659X-1024x683.jpg\" class=\"attachment-large size-large\" alt=\"\" loading=\"lazy\" srcset=\"https:\/\/danielskala.cz\/wp-content\/uploads\/2021\/02\/DSC6659X-1024x683.jpg 1024w, https:\/\/danielskala.cz\/wp-content\/uploads\/2021\/02\/DSC6659X-300x200.jpg 300w, https:\/\/danielskala.cz\/wp-content\/uploads\/2021\/02\/DSC6659X-768x512.jpg 768w, https:\/\/danielskala.cz\/wp-content\/uploads\/2021\/02\/DSC6659X-1536x1024.jpg 1536w, https:\/\/danielskala.cz\/wp-content\/uploads\/2021\/02\/DSC6659X-2048x1365.jpg 2048w, https:\/\/danielskala.cz\/wp-content\/uploads\/2021\/02\/DSC6659X-924x616.jpg 924w, https:\/\/danielskala.cz\/wp-content\/uploads\/2021\/02\/DSC6659X-671x447.jpg 671w\" sizes=\"(max-width: 924px) 100vw, 924px\" \/><\/a>\n\t\t\t<\/div><\/figure><figure class='gallery-item'>\n\t\t\t<div class='gallery-icon landscape'>\n\t\t\t\t<a href='https:\/\/danielskala.cz\/en\/cimbalopis\/attachment\/_dsc6391x\/'><img width=\"924\" height=\"616\" src=\"https:\/\/danielskala.cz\/wp-content\/uploads\/2021\/02\/DSC6391X-1024x683.jpg\" class=\"attachment-large size-large\" alt=\"\" loading=\"lazy\" srcset=\"https:\/\/danielskala.cz\/wp-content\/uploads\/2021\/02\/DSC6391X-1024x683.jpg 1024w, https:\/\/danielskala.cz\/wp-content\/uploads\/2021\/02\/DSC6391X-300x200.jpg 300w, https:\/\/danielskala.cz\/wp-content\/uploads\/2021\/02\/DSC6391X-768x512.jpg 768w, https:\/\/danielskala.cz\/wp-content\/uploads\/2021\/02\/DSC6391X-1536x1024.jpg 1536w, https:\/\/danielskala.cz\/wp-content\/uploads\/2021\/02\/DSC6391X-2048x1365.jpg 2048w, https:\/\/danielskala.cz\/wp-content\/uploads\/2021\/02\/DSC6391X-924x616.jpg 924w, https:\/\/danielskala.cz\/wp-content\/uploads\/2021\/02\/DSC6391X-671x447.jpg 671w\" sizes=\"(max-width: 924px) 100vw, 924px\" \/><\/a>\n\t\t\t<\/div><\/figure><figure class='gallery-item'>\n\t\t\t<div class='gallery-icon landscape'>\n\t\t\t\t<a href='https:\/\/danielskala.cz\/en\/cimbalopis\/attachment\/_dsc6192x\/'><img width=\"924\" height=\"616\" src=\"https:\/\/danielskala.cz\/wp-content\/uploads\/2021\/02\/DSC6192X-1024x683.jpg\" class=\"attachment-large size-large\" alt=\"\" loading=\"lazy\" srcset=\"https:\/\/danielskala.cz\/wp-content\/uploads\/2021\/02\/DSC6192X-1024x683.jpg 1024w, https:\/\/danielskala.cz\/wp-content\/uploads\/2021\/02\/DSC6192X-300x200.jpg 300w, https:\/\/danielskala.cz\/wp-content\/uploads\/2021\/02\/DSC6192X-768x512.jpg 768w, https:\/\/danielskala.cz\/wp-content\/uploads\/2021\/02\/DSC6192X-1536x1024.jpg 1536w, https:\/\/danielskala.cz\/wp-content\/uploads\/2021\/02\/DSC6192X-2048x1365.jpg 2048w, https:\/\/danielskala.cz\/wp-content\/uploads\/2021\/02\/DSC6192X-924x616.jpg 924w, https:\/\/danielskala.cz\/wp-content\/uploads\/2021\/02\/DSC6192X-671x447.jpg 671w\" sizes=\"(max-width: 924px) 100vw, 924px\" \/><\/a>\n\t\t\t<\/div><\/figure><figure class='gallery-item'>\n\t\t\t<div class='gallery-icon landscape'>\n\t\t\t\t<a href='https:\/\/danielskala.cz\/en\/cimbalopis\/attachment\/_dsc6565x\/'><img width=\"924\" height=\"616\" src=\"https:\/\/danielskala.cz\/wp-content\/uploads\/2021\/02\/DSC6565X-1024x683.jpg\" class=\"attachment-large size-large\" alt=\"\" loading=\"lazy\" srcset=\"https:\/\/danielskala.cz\/wp-content\/uploads\/2021\/02\/DSC6565X-1024x683.jpg 1024w, https:\/\/danielskala.cz\/wp-content\/uploads\/2021\/02\/DSC6565X-300x200.jpg 300w, https:\/\/danielskala.cz\/wp-content\/uploads\/2021\/02\/DSC6565X-768x512.jpg 768w, https:\/\/danielskala.cz\/wp-content\/uploads\/2021\/02\/DSC6565X-1536x1024.jpg 1536w, https:\/\/danielskala.cz\/wp-content\/uploads\/2021\/02\/DSC6565X-2048x1365.jpg 2048w, https:\/\/danielskala.cz\/wp-content\/uploads\/2021\/02\/DSC6565X-924x616.jpg 924w, https:\/\/danielskala.cz\/wp-content\/uploads\/2021\/02\/DSC6565X-671x447.jpg 671w\" sizes=\"(max-width: 924px) 100vw, 924px\" \/><\/a>\n\t\t\t<\/div><\/figure><figure class='gallery-item'>\n\t\t\t<div class='gallery-icon landscape'>\n\t\t\t\t<a href='https:\/\/danielskala.cz\/en\/_dsc5742x\/'><img width=\"924\" height=\"616\" src=\"https:\/\/danielskala.cz\/wp-content\/uploads\/2021\/02\/DSC5742x-1024x683.jpg\" class=\"attachment-large size-large\" alt=\"\" loading=\"lazy\" srcset=\"https:\/\/danielskala.cz\/wp-content\/uploads\/2021\/02\/DSC5742x-1024x683.jpg 1024w, https:\/\/danielskala.cz\/wp-content\/uploads\/2021\/02\/DSC5742x-300x200.jpg 300w, https:\/\/danielskala.cz\/wp-content\/uploads\/2021\/02\/DSC5742x-768x512.jpg 768w, https:\/\/danielskala.cz\/wp-content\/uploads\/2021\/02\/DSC5742x-1536x1024.jpg 1536w, https:\/\/danielskala.cz\/wp-content\/uploads\/2021\/02\/DSC5742x-2048x1365.jpg 2048w, https:\/\/danielskala.cz\/wp-content\/uploads\/2021\/02\/DSC5742x-924x616.jpg 924w, https:\/\/danielskala.cz\/wp-content\/uploads\/2021\/02\/DSC5742x-671x447.jpg 671w\" sizes=\"(max-width: 924px) 100vw, 924px\" \/><\/a>\n\t\t\t<\/div><\/figure>\n\t\t<\/div>\n<\/p>\n<p><span style=\"color: white; font-size: 20px; font-style: italic; font-family: var( --e-global-typography-text-font-family ), Sans-serif;\">\u00a0\u201cI\u2019ve never met an instrument like it anywhere in the world. The unique character of this beautiful cimbalom leads me to continually discover new sonic and performing possibilities. Honest music is made all the easier by an instrument like this one!\u201d Daniel Sk\u00e1la<\/span><\/p>\n<p><!-- \/wp:paragraph --><\/p>\t\t\t\t\t\t<\/div>\n\t\t\t\t<\/div>\n\t\t\t\t\t<\/div>\n\t\t<\/div>\n\t\t\t\t\t\t\t<\/div>\n\t\t<\/section>\n\t\t\t\t\t\t\t<\/div>","protected":false},"excerpt":{"rendered":"<p>prvn\u00ed cimb\u00e1l t\u0159et\u00ed generace! \u00a0 Jedn\u00e1 se o zcela unik\u00e1tn\u00ed nov\u00fd n\u00e1stroj z cimb\u00e1lov\u00e9 d\u00edlny HOLAK, kter\u00fd s trochou nads\u00e1zky ozna\u010dujeme jako \u201ePrvn\u00ed cimb\u00e1l t\u0159et\u00ed generace\u201c. Prvn\u00ed cimb\u00e1l koncertn\u00edho typu vytvo\u0159il v roce 1872 J\u00f3zsef Schunda. Jeho n\u00e1sledovn\u00edk Lajos Boh\u00e1k pot\u00e9 konstrukci jeho n\u00e1stroje z\u00e1sadn\u011b vylep\u0161il roz\u0161\u00ed\u0159en\u00edm rozsahu (C-a3), zdokonalen\u00edm pedaliza\u010dn\u00edho syst\u00e9mu, zm\u011bnou polohy du\u0161\u00ed [&hellip;]<\/p>","protected":false},"author":2,"featured_media":0,"parent":0,"menu_order":0,"comment_status":"closed","ping_status":"closed","template":"elementor_header_footer","meta":[],"_links":{"self":[{"href":"https:\/\/danielskala.cz\/en\/wp-json\/wp\/v2\/pages\/37"}],"collection":[{"href":"https:\/\/danielskala.cz\/en\/wp-json\/wp\/v2\/pages"}],"about":[{"href":"https:\/\/danielskala.cz\/en\/wp-json\/wp\/v2\/types\/page"}],"author":[{"embeddable":true,"href":"https:\/\/danielskala.cz\/en\/wp-json\/wp\/v2\/users\/2"}],"replies":[{"embeddable":true,"href":"https:\/\/danielskala.cz\/en\/wp-json\/wp\/v2\/comments?post=37"}],"version-history":[{"count":45,"href":"https:\/\/danielskala.cz\/en\/wp-json\/wp\/v2\/pages\/37\/revisions"}],"predecessor-version":[{"id":425,"href":"https:\/\/danielskala.cz\/en\/wp-json\/wp\/v2\/pages\/37\/revisions\/425"}],"wp:attachment":[{"href":"https:\/\/danielskala.cz\/en\/wp-json\/wp\/v2\/media?parent=37"}],"curies":[{"name":"wp","href":"https:\/\/api.w.org\/{rel}","templated":true}]}}