{"id":35,"date":"2021-02-23T08:55:49","date_gmt":"2021-02-23T08:55:49","guid":{"rendered":"http:\/\/danielskala.cz\/?page_id=35"},"modified":"2024-12-16T09:20:13","modified_gmt":"2024-12-16T09:20:13","slug":"ukazky","status":"publish","type":"page","link":"https:\/\/danielskala.cz\/en\/ukazky\/","title":{"rendered":"listening"},"content":{"rendered":"<div data-elementor-type=\"wp-page\" data-elementor-id=\"35\" class=\"elementor elementor-35\">\n\t\t\t\t\t\t\t\t\t<section class=\"elementor-section elementor-top-section elementor-element elementor-element-e2c9065 elementor-section-boxed elementor-section-height-default elementor-section-height-default\" data-id=\"e2c9065\" data-element_type=\"section\">\n\t\t\t\t\t\t<div class=\"elementor-container elementor-column-gap-default\">\n\t\t\t\t\t<div class=\"elementor-column elementor-col-100 elementor-top-column elementor-element elementor-element-ebba741\" data-id=\"ebba741\" data-element_type=\"column\">\n\t\t\t<div class=\"elementor-widget-wrap elementor-element-populated\">\n\t\t\t\t\t\t\t\t<div class=\"elementor-element elementor-element-35e4337 elementor-widget elementor-widget-spacer\" data-id=\"35e4337\" data-element_type=\"widget\" data-widget_type=\"spacer.default\">\n\t\t\t\t<div class=\"elementor-widget-container\">\n\t\t\t\t\t<div class=\"elementor-spacer\">\n\t\t\t<div class=\"elementor-spacer-inner\"><\/div>\n\t\t<\/div>\n\t\t\t\t<\/div>\n\t\t\t\t<\/div>\n\t\t\t\t\t<\/div>\n\t\t<\/div>\n\t\t\t\t\t\t\t<\/div>\n\t\t<\/section>\n\t\t\t\t<section class=\"elementor-section elementor-top-section elementor-element elementor-element-725633e8 elementor-section-boxed elementor-section-height-default elementor-section-height-default\" data-id=\"725633e8\" data-element_type=\"section\">\n\t\t\t\t\t\t<div class=\"elementor-container elementor-column-gap-default\">\n\t\t\t\t\t<div class=\"elementor-column elementor-col-100 elementor-top-column elementor-element elementor-element-7c077cbd\" data-id=\"7c077cbd\" data-element_type=\"column\">\n\t\t\t<div class=\"elementor-widget-wrap elementor-element-populated\">\n\t\t\t\t\t\t\t\t<div class=\"elementor-element elementor-element-dd36aa8 elementor-widget elementor-widget-text-editor\" data-id=\"dd36aa8\" data-element_type=\"widget\" data-widget_type=\"text-editor.default\">\n\t\t\t\t<div class=\"elementor-widget-container\">\n\t\t\t\t\t\t\t<p style=\"caret-color: #fcfcfc; color: #fcfcfc; text-align: left;\"><span style=\"font-weight: bold; font-family: Karla, sans-serif; font-size: 25px; color: white;\">here you will find a selection of recordings by Daniel Sk\u00e1la<\/span><span style=\"color: white; font-family: Karla, sans-serif; font-size: 25px; font-weight: bold;\"><br \/>cimbalom player and composer<\/span><\/p>\n<p style=\"caret-color: #fcfcfc; color: #fcfcfc;\"><span style=\"color: white; font-family: Karla, sans-serif; font-size: 25px; font-weight: bold;\">\u00a0<\/span><\/p>\n<p style=\"caret-color: #fcfcfc; color: #fcfcfc;\"><span style=\"caret-color: #ffffff; color: #ffffff; font-family: Karla, sans-serif; font-size: 19px;\"><div id=\"audioigniter-156\" class=\"audioigniter-root\" data-player-type=\"full\" data-tracks-url=\"https:\/\/danielskala.cz\/en\/?audioigniter_playlist_id=156\" data-display-track-no=\"false\" data-reverse-track-order=\"false\" data-display-tracklist-covers=\"true\" data-display-active-cover=\"true\" data-display-artist-names=\"true\" data-display-buy-buttons=\"false\" data-buy-buttons-target=\"true\" data-cycle-tracks=\"true\" data-display-credits=\"false\" data-display-tracklist=\"true\" data-allow-tracklist-toggle=\"true\" data-allow-tracklist-loop=\"true\" data-limit-tracklist-height=\"false\" data-volume=\"100\" data-tracklist-height=\"575\" ><\/div><\/span><span style=\"color: white; font-family: Karla, sans-serif; font-size: 25px; font-weight: bold;\"><br \/><\/span><\/p>\t\t\t\t\t\t<\/div>\n\t\t\t\t<\/div>\n\t\t\t\t<div class=\"elementor-element elementor-element-346735b elementor-widget-divider--view-line elementor-widget elementor-widget-divider\" data-id=\"346735b\" data-element_type=\"widget\" data-widget_type=\"divider.default\">\n\t\t\t\t<div class=\"elementor-widget-container\">\n\t\t\t\t\t<div class=\"elementor-divider\">\n\t\t\t<span class=\"elementor-divider-separator\">\n\t\t\t\t\t\t<\/span>\n\t\t<\/div>\n\t\t\t\t<\/div>\n\t\t\t\t<\/div>\n\t\t\t\t<div class=\"elementor-element elementor-element-2923022 elementor-widget elementor-widget-text-editor\" data-id=\"2923022\" data-element_type=\"widget\" data-widget_type=\"text-editor.default\">\n\t\t\t\t<div class=\"elementor-widget-container\">\n\t\t\t\t\t\t\t<h2><span style=\"color: #999999;\"><b><span style=\"vertical-align: inherit;\"><span class=\"VIpgJd-yAWNEb-VIpgJd-fmcmS-sn54Q\" style=\"vertical-align: inherit;\"><span style=\"vertical-align: inherit;\"><span class=\"\" style=\"vertical-align: inherit;\">Cimb\u00e1l v um\u011bleck\u00e9 tvorb\u011b 20. stolet\u00ed<\/span><\/span><\/span><\/span><\/b><\/span><\/h2>\n<p><span style=\"color: rgb(153, 153, 153); font-family: var( --e-global-typography-text-font-family ), Sans-serif; font-weight: var( --e-global-typography-text-font-weight );\">V listopadu 2024 vy\u0161lo nov\u00e9 CD s n\u00e1zvem <\/span><b style=\"color: rgb(153, 153, 153); font-family: var( --e-global-typography-text-font-family ), Sans-serif;\">Cimb\u00e1l v um\u011bleck\u00e9 tvorb\u011b 20. stolet\u00ed<\/b><span style=\"color: rgb(153, 153, 153); font-family: var( --e-global-typography-text-font-family ), Sans-serif; font-weight: var( --e-global-typography-text-font-weight );\">. Zahrnuje nahr\u00e1vky, je\u017e byly po\u0159\u00edzeny v letech 2020\u20132022 ve Studiu 1 \u010cesk\u00e9ho rozhlasu Ostrava.<\/span><\/p>\n<p><span style=\"color: #999999;\"><b><span style=\"vertical-align: inherit;\"><span style=\"vertical-align: inherit;\"><span style=\"vertical-align: inherit;\"><span class=\"\" style=\"vertical-align: inherit;\">Fyzick\u00e9 CD<\/span><\/span><\/span><\/span><\/b><span style=\"vertical-align: inherit;\"><span style=\"vertical-align: inherit;\"><span style=\"vertical-align: inherit;\"><span class=\"\" style=\"vertical-align: inherit;\"> \/ objedn\u00e1vky p\u0159es email&nbsp;<\/span><\/span><\/span><\/span><a style=\"color: #999999;\" href=\"mailto:danielskalamusic@gmail.com\"><span style=\"vertical-align: inherit;\"><span style=\"vertical-align: inherit;\"><span style=\"vertical-align: inherit;\"><span class=\"\" style=\"vertical-align: inherit;\">danielskalamusic@gmail.com <\/span><\/span><\/span><\/span><\/a><\/span><br><span style=\"color: #999999;\"><b><span style=\"vertical-align: inherit;\"><span style=\"vertical-align: inherit;\"><span style=\"vertical-align: inherit;\"><span class=\"\" style=\"vertical-align: inherit;\">Online CD<\/span><\/span><\/span><\/span><\/b><span style=\"vertical-align: inherit;\"><span style=\"vertical-align: inherit;\"><span style=\"vertical-align: inherit;\"><span class=\"\" style=\"vertical-align: inherit;\"> \/ <\/span><\/span><\/span><\/span><span style=\"color: #999999; vertical-align: inherit;\"><span style=\"vertical-align: inherit;\"><span style=\"vertical-align: inherit;\"><span class=\"\" style=\"vertical-align: inherit;\"><a href=\"https:\/\/bit.ly\/CimbalOnlineCD\">https:\/\/bit.ly\/CimbalOnlineCD <\/a><\/span><\/span><\/span><\/span><\/span><br><span style=\"color: #999999;\"><b><span style=\"vertical-align: inherit;\"><span style=\"vertical-align: inherit;\"><span style=\"vertical-align: inherit;\"><span class=\"\" style=\"vertical-align: inherit;\">Spotify<\/span><\/span><\/span><\/span><\/b><span style=\"vertical-align: inherit;\"><span style=\"vertical-align: inherit;\"><span style=\"vertical-align: inherit;\"><span class=\"\" style=\"vertical-align: inherit;\"> \/ <\/span><\/span><\/span><\/span><span style=\"color: #999999; vertical-align: inherit;\"><span style=\"vertical-align: inherit;\"><span style=\"vertical-align: inherit;\"><span class=\"\" style=\"vertical-align: inherit;\"><a href=\"https:\/\/bit.ly\/CimbalNaSpotify\">https:\/\/bit.ly\/CimbalNaSpotify<\/a><\/span><\/span><\/span><\/span><\/span><\/p>\n<p><span style=\"color: #999999;\"><u><span style=\"vertical-align: inherit;\"><span style=\"vertical-align: inherit;\"><span style=\"vertical-align: inherit;\"><span style=\"vertical-align: inherit;\">Tracklist<\/span><\/span><\/span><\/span><\/u><span style=\"vertical-align: inherit;\"><span style=\"vertical-align: inherit;\"><span style=\"vertical-align: inherit;\"><span style=\"vertical-align: inherit;\"> :<\/span><\/span><\/span><\/span><\/span><\/p>\n<p><span style=\"color: #999999;\"><span style=\"vertical-align: inherit;\"><span style=\"vertical-align: inherit;\"><span style=\"vertical-align: inherit;\"><span class=\"\" style=\"vertical-align: inherit;\">01\u201303 Alois H\u00e1ba: Suita pro cimb\u00e1l (1960) <\/span><\/span><\/span><\/span><\/span><br><span style=\"color: #999999;\"><span style=\"vertical-align: inherit;\"><span style=\"vertical-align: inherit;\"><span style=\"vertical-align: inherit;\"><span class=\"\" style=\"vertical-align: inherit;\">04\u201307 Jarom\u00edr Dad\u00e1k: Four concert etudes for cimbalom (1967) <\/span><\/span><\/span><\/span><\/span><br><span style=\"color: #999999;\"><span style=\"vertical-align: inherit;\"><span style=\"vertical-align: inherit;\"><span style=\"vertical-align: inherit;\"><span class=\"\" style=\"vertical-align: inherit;\">08\u201312 Miloslav I\u0161tvan: Cinque fragments (1971) <\/span><\/span><\/span><\/span><\/span><br><span style=\"color: #999999;\"><span style=\"vertical-align: inherit;\"><span style=\"vertical-align: inherit;\"><span style=\"vertical-align: inherit;\"><span class=\"\" style=\"vertical-align: inherit;\">13\u201316 Gy\u00f6rgy Kurt\u00e1g: Sz\u00e1lk\u00e1k (1962, rev. 1973)<\/span><\/span><\/span><\/span><\/span><br><span style=\"color: #999999;\"><span style=\"vertical-align: inherit;\"><span style=\"vertical-align: inherit;\"><span style=\"vertical-align: inherit;\"><span class=\"\" style=\"vertical-align: inherit;\">17\u201320 Kamillo Lendvay: Disposizioni per cimbalo ungherese (1975)<\/span><\/span><\/span><\/span><\/span><\/p>\n<p><span style=\"color: #999999;\"><span style=\"vertical-align: inherit;\"><span style=\"vertical-align: inherit;\"><span style=\"vertical-align: inherit;\"><span style=\"vertical-align: inherit;\">BONUS <\/span><\/span><\/span><\/span><\/span><br><span style=\"color: #999999;\"><span style=\"vertical-align: inherit;\"><span style=\"vertical-align: inherit;\"><span style=\"vertical-align: inherit;\"><span style=\"vertical-align: inherit;\">21\u201323 Daniel Sk\u00e1la: Vrstven\u00ed (2018)<\/span><\/span><\/span><\/span><\/span><\/p>\n<p><span style=\"color: #999999;\"><span style=\"vertical-align: inherit;\"><span style=\"vertical-align: inherit;\"><span style=\"vertical-align: inherit;\"><span style=\"vertical-align: inherit;\">Tato nahr\u00e1vka vznikla d\u00edky podpo\u0159e Ministerstva kultury \u010cesk\u00e9 republiky a partnerstv\u00ed OSA \u2013 Ochrann\u00e9ho svazu autorsk\u00e9ho.<\/span><\/span><\/span><\/span><\/span><\/p>\n<p><img loading=\"lazy\" class=\"alignnone size-medium wp-image-594\" src=\"http:\/\/danielskala.cz\/wp-content\/uploads\/2024\/10\/bar.ces_.poz_-300x92.jpg\" alt=\"\" width=\"300\" height=\"92\" srcset=\"https:\/\/danielskala.cz\/wp-content\/uploads\/2024\/10\/bar.ces_.poz_-300x92.jpg 300w, https:\/\/danielskala.cz\/wp-content\/uploads\/2024\/10\/bar.ces_.poz_-768x236.jpg 768w, https:\/\/danielskala.cz\/wp-content\/uploads\/2024\/10\/bar.ces_.poz_-16x5.jpg 16w, https:\/\/danielskala.cz\/wp-content\/uploads\/2024\/10\/bar.ces_.poz_-924x284.jpg 924w, https:\/\/danielskala.cz\/wp-content\/uploads\/2024\/10\/bar.ces_.poz_-671x206.jpg 671w, https:\/\/danielskala.cz\/wp-content\/uploads\/2024\/10\/bar.ces_.poz_.jpg 979w\" sizes=\"(max-width: 300px) 100vw, 300px\" \/>.&nbsp; &nbsp; &nbsp;<span style=\"vertical-align: inherit;\"><span style=\"vertical-align: inherit;\">&nbsp;<a href=\"https:\/\/www.osa.cz\/granty-partnerstvi\/\"><img loading=\"lazy\" class=\"alignnone wp-image-665\" src=\"http:\/\/danielskala.cz\/wp-content\/uploads\/2024\/12\/OSA_Partner_sluchatka-_LOGO-300x275.jpg\" alt=\"\" width=\"150\" height=\"137\" srcset=\"https:\/\/danielskala.cz\/wp-content\/uploads\/2024\/12\/OSA_Partner_sluchatka-_LOGO-300x275.jpg 300w, https:\/\/danielskala.cz\/wp-content\/uploads\/2024\/12\/OSA_Partner_sluchatka-_LOGO-13x12.jpg 13w, https:\/\/danielskala.cz\/wp-content\/uploads\/2024\/12\/OSA_Partner_sluchatka-_LOGO-671x614.jpg 671w, https:\/\/danielskala.cz\/wp-content\/uploads\/2024\/12\/OSA_Partner_sluchatka-_LOGO.jpg 696w\" sizes=\"(max-width: 150px) 100vw, 150px\" \/><\/a><\/span><\/span><\/p>\t\t\t\t\t\t<\/div>\n\t\t\t\t<\/div>\n\t\t\t\t<div class=\"elementor-element elementor-element-f325407 elementor-widget elementor-widget-image\" data-id=\"f325407\" data-element_type=\"widget\" data-widget_type=\"image.default\">\n\t\t\t\t<div class=\"elementor-widget-container\">\n\t\t\t\t\t\t\t\t\t\t\t\t\t\t\t<img src=\"https:\/\/danielskala.cz\/wp-content\/uploads\/2024\/12\/IMG_2983-scaled.jpg\" title=\"IMG_2983\" alt=\"IMG_2983\" \/>\t\t\t\t\t\t\t\t\t\t\t\t\t\t\t<\/div>\n\t\t\t\t<\/div>\n\t\t\t\t<div class=\"elementor-element elementor-element-5bda0139 elementor-widget elementor-widget-text-editor\" data-id=\"5bda0139\" data-element_type=\"widget\" data-widget_type=\"text-editor.default\">\n\t\t\t\t<div class=\"elementor-widget-container\">\n\t\t\t\t\t\t\t\t\t\t\t\t\t<\/div>\n\t\t\t\t<\/div>\n\t\t\t\t\t<\/div>\n\t\t<\/div>\n\t\t\t\t\t\t\t<\/div>\n\t\t<\/section>\n\t\t\t\t\t\t\t<\/div>","protected":false},"excerpt":{"rendered":"<p>zde najdete v\u00fdb\u011br z nahr\u00e1vek Daniela Sk\u00e1lycimbalisty a tak\u00e9 skladatele \u00a0 Cimb\u00e1l v um\u011bleck\u00e9 tvorb\u011b 20. stolet\u00ed V listopadu 2024 vy\u0161lo nov\u00e9 CD s n\u00e1zvem Cimb\u00e1l v um\u011bleck\u00e9 tvorb\u011b 20. stolet\u00ed. Zahrnuje nahr\u00e1vky, je\u017e byly po\u0159\u00edzeny v letech 2020\u20132022 ve Studiu 1 \u010cesk\u00e9ho rozhlasu Ostrava. Fyzick\u00e9 CD \/ objedn\u00e1vky p\u0159es email&nbsp;danielskalamusic@gmail.com Online CD \/ https:\/\/bit.ly\/CimbalOnlineCD [&hellip;]<\/p>","protected":false},"author":2,"featured_media":0,"parent":0,"menu_order":0,"comment_status":"closed","ping_status":"closed","template":"elementor_header_footer","meta":[],"_links":{"self":[{"href":"https:\/\/danielskala.cz\/en\/wp-json\/wp\/v2\/pages\/35"}],"collection":[{"href":"https:\/\/danielskala.cz\/en\/wp-json\/wp\/v2\/pages"}],"about":[{"href":"https:\/\/danielskala.cz\/en\/wp-json\/wp\/v2\/types\/page"}],"author":[{"embeddable":true,"href":"https:\/\/danielskala.cz\/en\/wp-json\/wp\/v2\/users\/2"}],"replies":[{"embeddable":true,"href":"https:\/\/danielskala.cz\/en\/wp-json\/wp\/v2\/comments?post=35"}],"version-history":[{"count":88,"href":"https:\/\/danielskala.cz\/en\/wp-json\/wp\/v2\/pages\/35\/revisions"}],"predecessor-version":[{"id":674,"href":"https:\/\/danielskala.cz\/en\/wp-json\/wp\/v2\/pages\/35\/revisions\/674"}],"wp:attachment":[{"href":"https:\/\/danielskala.cz\/en\/wp-json\/wp\/v2\/media?parent=35"}],"curies":[{"name":"wp","href":"https:\/\/api.w.org\/{rel}","templated":true}]}}