{"id":32,"date":"2021-02-23T08:55:49","date_gmt":"2021-02-23T08:55:49","guid":{"rendered":"http:\/\/danielskala.cz\/?page_id=32"},"modified":"2021-02-28T21:11:38","modified_gmt":"2021-02-28T21:11:38","slug":"zivotabeh","status":"publish","type":"page","link":"https:\/\/danielskala.cz\/en\/zivotabeh\/","title":{"rendered":"life story"},"content":{"rendered":"<div data-elementor-type=\"wp-page\" data-elementor-id=\"32\" class=\"elementor elementor-32\">\n\t\t\t\t\t\t\t\t\t<section class=\"elementor-section elementor-top-section elementor-element elementor-element-5eae7cd8 elementor-section-full_width elementor-section-height-default elementor-section-height-default\" data-id=\"5eae7cd8\" data-element_type=\"section\">\n\t\t\t\t\t\t<div class=\"elementor-container elementor-column-gap-default\">\n\t\t\t\t\t<div class=\"elementor-column elementor-col-100 elementor-top-column elementor-element elementor-element-3546ed11\" data-id=\"3546ed11\" data-element_type=\"column\">\n\t\t\t<div class=\"elementor-widget-wrap elementor-element-populated\">\n\t\t\t\t\t\t\t\t<div class=\"elementor-element elementor-element-c917950 animated-slow elementor-widget elementor-widget-text-editor\" data-id=\"c917950\" data-element_type=\"widget\" data-settings=\"{&quot;_animation&quot;:&quot;none&quot;,&quot;_animation_delay&quot;:0}\" data-widget_type=\"text-editor.default\">\n\t\t\t\t<div class=\"elementor-widget-container\">\n\t\t\t\t\t\t\t<p><!-- wp:paragraph --><\/p>\n<hr>\n<hr>\n<p style=\"caret-color: #fcfcfc; color: #fcfcfc;\"><span style=\"font-weight: bold; font-family: Karla, sans-serif; font-size: 25px; color: white;\">cimbalom player, composer, and improviser<\/span><\/p><p style=\"caret-color: #fcfcfc; color: #fcfcfc;\"><span style=\"font-weight: bold; font-family: Karla, sans-serif; font-size: 25px; color: white;\"><br><\/span><\/p>\n<p style=\"caret-color: #fcfcfc; color: #fcfcfc;\">\n<\/p><p style=\"caret-color: #fcfcfc; color: #fcfcfc;\">\n<\/p><p>Daniel Sk\u00e1la (born 1981) studied the cimbalom at the Liszt Academy in Budapest, composition at the Jan\u00e1\u010dek Conservatory in Ostrava, and choir conducting at Ostrava University, where he also completed his doctoral studies in music theory and pedagogy.<\/p>\n<p><!-- \/wp:paragraph --><!-- wp:paragraph --><\/p>\n<p>As a cimbalom player, he has received numerous awards at competitions both at home and abroad, and has also performed at many stages around the world, including the La Biennale festival in Venice, the opera festival in Bregenz, or New York\u2019s Carnegie Hall. He regularly collaborates with leading artists and orchestras around the world.\n\nHis more significant compositional commissions include <em>Concerto for cimbalom and chamber orchestra<\/em>, <em>Miniatures for cimbalom and clarinet<\/em> or a duet titled <em>Cimb\u00e1lov\u00e9 rozep\u0159e (Cimbalom Disputes)<\/em>. 2015 saw the premiere of his evening-length spiritual cantata <em>V\u0161echen ten \u010das (All That Time)<\/em>, 2017 was the year of his vocal series <em>L\u00e1skypln\u00e9 madrigaly (Love Madrigals)<\/em>, and a year later, an orchestral piece <em>Vrstven\u00ed (Layering)<\/em>. In recent years, he has developed a keen interest in the compositional methods of directed aleatoricism and highly developed programmes. This led to the creation of such evening-length projects <em>Sn\u011bn\u00ed (Dreaming)<\/em>, <em>Rozhovory (Conversations)<\/em>, and the non-opera <em>\u010cerven\u00fd nos (Red Nose)<\/em>.<\/p>\n<p><!-- \/wp:paragraph --><!-- wp:paragraph --><\/p>\n<p><!-- \/wp:paragraph --><!-- wp:quote {\"align\":\"left\"} --><\/p>\n<blockquote>\n<p><img loading=\"lazy\" style=\"width: 600px;\" src=\"http:\/\/danielskala.cz\/wp-content\/uploads\/2021\/02\/DSC5781x-scaled.jpg\" alt=\"\" width=\"2560\" height=\"1706\"><\/p>\n<p><\/p>\n<p><cite><\/cite><cite><em><br><\/em><\/cite><cite><em><br><\/em><\/cite><cite><em>At present, he is most active as a musician and composer. He also teaches cimbalom at the Jan\u00e1\u010dek Conservatory in Ostrava, as well as several subjects at Ostrava University. He also regularly leads educational workshops on Creative Improvisation, focused on the foundations of improvisation and creative development, and, along with the artist Tom\u00e1\u0161 Volkmer, a series called Re:kreace, in which they bring music and visual art together with drama education.<\/em><\/cite><\/p>\n<\/blockquote>\n<p><!-- \/wp:quote --><\/p>\t\t\t\t\t\t<\/div>\n\t\t\t\t<\/div>\n\t\t\t\t\t<\/div>\n\t\t<\/div>\n\t\t\t\t\t\t\t<\/div>\n\t\t<\/section>\n\t\t\t\t\t\t\t<\/div>","protected":false},"excerpt":{"rendered":"<p>cimbalista, skladatel a improviz\u00e1tor Daniel Sk\u00e1la (1981) studoval hru na cimb\u00e1l na Lisztov\u011b akademii v Budape\u0161ti, hudebn\u00ed kompozici na Jan\u00e1\u010dkov\u011b konzervato\u0159i v Ostrav\u011b a sbormistrovstv\u00ed na Ostravsk\u00e9 univezit\u011b. Na t\u00e9\u017ee \u0161kole pak dokon\u010dil doktorsk\u00e1 studia v oboru hudebn\u00ed teorie a pedagogika. Jako cimbalista z\u00edskal mnoho ocen\u011bn\u00ed na interpreta\u010dn\u00edch sout\u011b\u017e\u00edch u n\u00e1s i v zahrani\u010d\u00ed, m\u00e1 [&hellip;]<\/p>","protected":false},"author":2,"featured_media":0,"parent":0,"menu_order":0,"comment_status":"closed","ping_status":"closed","template":"elementor_header_footer","meta":[],"_links":{"self":[{"href":"https:\/\/danielskala.cz\/en\/wp-json\/wp\/v2\/pages\/32"}],"collection":[{"href":"https:\/\/danielskala.cz\/en\/wp-json\/wp\/v2\/pages"}],"about":[{"href":"https:\/\/danielskala.cz\/en\/wp-json\/wp\/v2\/types\/page"}],"author":[{"embeddable":true,"href":"https:\/\/danielskala.cz\/en\/wp-json\/wp\/v2\/users\/2"}],"replies":[{"embeddable":true,"href":"https:\/\/danielskala.cz\/en\/wp-json\/wp\/v2\/comments?post=32"}],"version-history":[{"count":67,"href":"https:\/\/danielskala.cz\/en\/wp-json\/wp\/v2\/pages\/32\/revisions"}],"predecessor-version":[{"id":422,"href":"https:\/\/danielskala.cz\/en\/wp-json\/wp\/v2\/pages\/32\/revisions\/422"}],"wp:attachment":[{"href":"https:\/\/danielskala.cz\/en\/wp-json\/wp\/v2\/media?parent=32"}],"curies":[{"name":"wp","href":"https:\/\/api.w.org\/{rel}","templated":true}]}}